{"id":5748,"date":"2017-05-24T23:03:31","date_gmt":"2017-05-24T23:03:31","guid":{"rendered":"http:\/\/www.swissplusid.de\/?page_id=5748"},"modified":"2019-01-18T04:28:24","modified_gmt":"2019-01-18T04:28:24","slug":"faqs","status":"publish","type":"page","link":"https:\/\/www.swissplusid.de\/de\/faqs\/","title":{"rendered":"FAQ&#8217;s"},"content":{"rendered":"<section class=\"l-section wpb_row height_auto\"><div class=\"l-section-h i-cf\"><div class=\"g-cols vc_row via_flex valign_top type_default stacking_default\"><div class=\"vc_col-sm-12 wpb_column vc_column_container\"><div class=\"vc_column-inner\"><div class=\"wpb_wrapper\"><div class=\"w-tabs style_default switch_click accordion has_scrolling\" style=\"--sections-title-size:inherit\"><div class=\"w-tabs-sections titles-align_none icon_chevron cpos_right\"><div class=\"w-tabs-section\" id=\"h7e8\"><button class=\"w-tabs-section-header with_icon\" aria-controls=\"content-h7e8\" aria-expanded=\"false\"><i class=\"fas fa-question-circle\"><\/i><div class=\"w-tabs-section-title\">Ich bin kein Tierarzt oder ein autorisierter Implanter, kann ich Mikrochips kaufen?<\/div><div class=\"w-tabs-section-control\"><\/div><\/button><div  class=\"w-tabs-section-content\" id=\"content-h7e8\"><div class=\"w-tabs-section-content-h i-cf\"><div class=\"wpb_text_column\"><div class=\"wpb_wrapper\"><p>Sorry, nur Tier\u00e4rzte oder autorisierte Mikrochip-Implantate sind in der Lage, Mikrochips zu kaufen. Bitte fragen Sie Ihren \u00f6rtlichen Tierarzt oder autorisierten Implanter.<\/p>\n<\/div><\/div><\/div><\/div><\/div><div class=\"w-tabs-section\" id=\"h1c6\"><button class=\"w-tabs-section-header with_icon\" aria-controls=\"content-h1c6\" aria-expanded=\"false\"><i class=\"fas fa-question-circle\"><\/i><div class=\"w-tabs-section-title\">Wer braucht Registrierung?<\/div><div class=\"w-tabs-section-control\"><\/div><\/button><div  class=\"w-tabs-section-content\" id=\"content-h1c6\"><div class=\"w-tabs-section-content-h i-cf\"><div class=\"g-cols wpb_row via_flex valign_top type_default stacking_default\"><div class=\"vc_col-sm-3 wpb_column vc_column_container\"><div class=\"vc_column-inner\"><div class=\"wpb_wrapper\"><div class=\"wpb_text_column\"><div class=\"wpb_wrapper\"><h3>Weitere Informationen finden Sie unter:<\/h3>\n<p><a href=\"http:\/\/www.tasso.net\/Tierschutz\/Registrierung\" target=\"_blank\" rel=\"noopener\">Tasso e. V.<\/a><br \/>\n<a href=\"https:\/\/www.registrier-dein-tier.de\/tier-registrieren.html\" target=\"_blank\" rel=\"noopener\">Deutsche Haustierregister<\/a><br \/>\n<a href=\"http:\/\/www.tierregistrierung.de\/\" target=\"_blank\" rel=\"noopener\">IFTA Deutschland<\/a><br \/>\n<a href=\"https:\/\/heimtierdatenbank.ehealth.gv.at\" target=\"_blank\" rel=\"noopener\">Heimtierdatenbank \u00d6sterreich<\/a><br \/>\n<a href=\"http:\/\/www.tierregistrierung.at\/index.php\" target=\"_blank\" rel=\"noopener\">IFTA \u00d6sterreich<\/a><\/p>\n<\/div><\/div><\/div><\/div><\/div><div class=\"vc_col-sm-9 wpb_column vc_column_container\"><div class=\"vc_column-inner\"><div class=\"wpb_wrapper\"><div class=\"wpb_text_column\"><div class=\"wpb_wrapper\"><p>Eine Registrierung Ihres Haustiers ist deshalb wichtig, weil es nur so mit Ihnen und Ihrem Zuhause in Verbindung gebracht werden kann. Ein Chip mit Daten ist wertlos, wenn die Daten nirgends vermerkt sind. Ist ihr Hund entlaufen und wird gefunden, kann dessen Identit\u00e4t mithilfe des Chips \u00fcberpr\u00fcft werden \u2013 allerdings nur dann, wenn die Chip-Daten in einem Register hinterlegt sind. \u00dcber das Register werden Sie als Halter ausfindig gemacht und kontaktiert.<\/p>\n<p><strong>DEUTSCHLAND:<\/strong><\/p>\n<p>In Deutschland gibt es drei gro\u00dfe Register, bei denen Sie Ihr Haustier registrieren lassen k\u00f6nnen: <a title=\"Tasso e.V.: Registrierung von Haustieren\" href=\"http:\/\/www.tasso.net\/Tierschutz\/Registrierung\" target=\"_blank\" rel=\"noopener noreferrer\">TASSO e.V.<\/a>, das <a title=\"\" href=\"https:\/\/www.registrier-dein-tier.de\/tier-registrieren.html\" target=\"_blank\" rel=\"noopener noreferrer\">Deutsche Haustierregister<\/a> \u2013 die beide kostenlos sind \u2013 und das kostenpflichtige <a title=\"IFTA: Internationale Tierregistrierung\" href=\"http:\/\/www.tierregistrierung.de\/\" target=\"_blank\" rel=\"noopener noreferrer\">IFTA<\/a>. Melden Sie sich bei einem dieser Register und lassen Sie Ihre Vierbeiner dort verzeichnen, nachdem der Chip eingesetzt wurde.<\/p>\n<p>Am besten sprechen Sie Ihren Tierarzt nach dem Eingriff direkt darauf an \u2013 er hilft Ihnen in der Regel gerne weiter. Wichtig ist, dass das Register der Wahl 24 Stunden am Tag, sieben Tage die Woche erreichbar ist und Ihr Anliegen am besten von einem Mitarbeiter pers\u00f6nlich entgegengenommen wird.<\/p>\n<p><strong>\u00d6STERREICH:<\/strong><\/p>\n<p>Alle im Bundesgebiet gehaltenen Hunde\u00a0m\u00fcssen <strong>gekennzeichnet<\/strong> und <strong>registriert<\/strong> werden. F\u00fcr alle in \u00d6sterreich gehaltenen Hunde besteht eine <strong>Pflicht zur Kennzeichnung mit Mikrochip und zur Registrierung in der bundesweiten Heimtierdatenbank f\u00fcr Hunde<\/strong>, die vom Bundesministerium f\u00fcr Gesundheit und Frauen\u00a0zur Verf\u00fcgung gestellt wird. Der Chip wird auf Kosten der Hundehalterin\/des Hundehalters von der Tier\u00e4rztin\/vom Tierarzt eingesetzt. Die Frist der Kennzeichnung bis zur 12. Lebenswoche betrifft nur Welpen, die anderen Hunde sind innerhalb eines Monats nach der Kennzeichnung, Einreise oder \u00dcbernahme, jedenfalls aber vor der ersten Weitergabe zu melden.<\/p>\n<\/div><\/div><\/div><\/div><\/div><\/div><\/div><\/div><\/div><div class=\"w-tabs-section\" id=\"t3df\"><button class=\"w-tabs-section-header with_icon\" aria-controls=\"content-t3df\" aria-expanded=\"false\"><i class=\"fas fa-question-circle\"><\/i><div class=\"w-tabs-section-title\">Hilfe! Ich bin mir nicht sicher, welche Menge von Packungsgr\u00f6\u00dfen ich brauche?<\/div><div class=\"w-tabs-section-control\"><\/div><\/button><div  class=\"w-tabs-section-content\" id=\"content-t3df\"><div class=\"w-tabs-section-content-h i-cf\"><div class=\"wpb_text_column\"><div class=\"wpb_wrapper\"><p>Alle Mengenanforderungen sind m\u00f6glich, aber in der Regel;<\/p>\n<ul>\n<li style=\"list-style-type: none;\">\n<ul>Sterile Spritzen-Mikrochip-Packungen werden in Spenderkartons von 20 Einheiten mit je 10\u00a0Kartons in der Grosspackung geliefert, das bedeutet 200 Einheiten<\/ul>\n<\/li>\n<\/ul>\n<ul>\n<li style=\"list-style-type: none;\">\n<ul>Sterile Bulk Needle Packs werden in Spenderkartons von 30 Einheiten verkauft (inkl. 3 wiederverwendbare Spritzeneinheiten pro Karton), mit 10 Kartons in der Grosspackung, das bedeutet 300\u00a0Einheiten<\/ul>\n<\/li>\n<\/ul>\n<ul>\n<li style=\"list-style-type: none;\">\n<ul>Leser \/ Scanner werden in jeder Menge verkauft<\/ul>\n<\/li>\n<\/ul>\n<\/div><\/div><\/div><\/div><\/div><div class=\"w-tabs-section\" id=\"x4d5\"><button class=\"w-tabs-section-header with_icon\" aria-controls=\"content-x4d5\" aria-expanded=\"false\"><i class=\"fas fa-question-circle\"><\/i><div class=\"w-tabs-section-title\">Was ist in einem Bulk Needle Pack enthalten?<\/div><div class=\"w-tabs-section-control\"><\/div><\/button><div  class=\"w-tabs-section-content\" id=\"content-x4d5\"><div class=\"w-tabs-section-content-h i-cf\"><div class=\"g-cols wpb_row via_flex valign_top type_default stacking_default\"><div class=\"vc_col-sm-3 wpb_column vc_column_container\"><div class=\"vc_column-inner\"><div class=\"wpb_wrapper\"><div class=\"w-image align_none\"><div class=\"w-image-h\"><img decoding=\"async\" width=\"297\" height=\"300\" src=\"https:\/\/i0.wp.com\/www.swissplusid.de\/wp-content\/uploads\/2016\/12\/BulkNeedlePack-600.png?fit=297%2C300&amp;ssl=1\" class=\"attachment-medium size-medium\" alt=\"\" loading=\"lazy\" srcset=\"https:\/\/i0.wp.com\/www.swissplusid.de\/wp-content\/uploads\/2016\/12\/BulkNeedlePack-600.png?w=600&amp;ssl=1 600w, https:\/\/i0.wp.com\/www.swissplusid.de\/wp-content\/uploads\/2016\/12\/BulkNeedlePack-600.png?resize=297%2C300&amp;ssl=1 297w\" sizes=\"auto, (max-width: 297px) 100vw, 297px\" data-attachment-id=\"5132\" data-permalink=\"https:\/\/www.swissplusid.de\/de\/bulkneedlepack-600-2\/\" data-orig-file=\"https:\/\/i0.wp.com\/www.swissplusid.de\/wp-content\/uploads\/2016\/12\/BulkNeedlePack-600.png?fit=600%2C606&amp;ssl=1\" data-orig-size=\"600,606\" data-comments-opened=\"1\" data-image-meta=\"{&quot;aperture&quot;:&quot;0&quot;,&quot;credit&quot;:&quot;&quot;,&quot;camera&quot;:&quot;&quot;,&quot;caption&quot;:&quot;&quot;,&quot;created_timestamp&quot;:&quot;0&quot;,&quot;copyright&quot;:&quot;&quot;,&quot;focal_length&quot;:&quot;0&quot;,&quot;iso&quot;:&quot;0&quot;,&quot;shutter_speed&quot;:&quot;0&quot;,&quot;title&quot;:&quot;&quot;,&quot;orientation&quot;:&quot;0&quot;}\" data-image-title=\"BulkNeedlePack-600\" data-image-description=\"\" data-image-caption=\"\" data-medium-file=\"https:\/\/i0.wp.com\/www.swissplusid.de\/wp-content\/uploads\/2016\/12\/BulkNeedlePack-600.png?fit=297%2C300&amp;ssl=1\" data-large-file=\"https:\/\/i0.wp.com\/www.swissplusid.de\/wp-content\/uploads\/2016\/12\/BulkNeedlePack-600.png?fit=600%2C606&amp;ssl=1\" \/><\/div><\/div><\/div><\/div><\/div><div class=\"vc_col-sm-9 wpb_column vc_column_container\"><div class=\"vc_column-inner\"><div class=\"wpb_wrapper\"><div class=\"wpb_text_column\"><div class=\"wpb_wrapper\"><p>Um die Verschlei\u00dfabf\u00e4lle zu reduzieren, haben wir den Doppelkolbenspritzenimplantierer geschaffen. Dies bedeutet, dass der Mikrochip in seiner eigenen sterilen Kan\u00fcle (Nadel) Packung geliefert wird, ein steriler versiegelter Beutel, der eine Schutzkappe und einen Satz passender Barcodes enth\u00e4lt.<br \/>\nIn jedem Spenderkarton befinden sich 30 einzeln verpackte Kan\u00fclen zusammen mit 3 wiederverwendbaren ergonomischen Spritzen \/ Implantierger\u00e4ten zur Verf\u00fcgung<br \/>\nNach dem implantieren wird die Nadel abgeschraubt, die Kappe wieder aufgetragen und die Nadelanordnung abgeschraubt und entsorgt. Dies bedeutet, dass das Spritzenelement mehrfach wiederverwendet werden kann, wodurch Abf\u00e4lle reduziert werden.<\/p>\n<\/div><\/div><\/div><\/div><\/div><\/div><\/div><\/div><\/div><div class=\"w-tabs-section\" id=\"y664\"><button class=\"w-tabs-section-header with_icon\" aria-controls=\"content-y664\" aria-expanded=\"false\"><i class=\"fas fa-question-circle\"><\/i><div class=\"w-tabs-section-title\">Wie viele &#8222;Back Again&#8222; Microchips kommen in eine Spenderbox?<\/div><div class=\"w-tabs-section-control\"><\/div><\/button><div  class=\"w-tabs-section-content\" id=\"content-y664\"><div class=\"w-tabs-section-content-h i-cf\"><div class=\"g-cols wpb_row via_flex valign_top type_default stacking_default\"><div class=\"vc_col-sm-3 wpb_column vc_column_container\"><div class=\"vc_column-inner\"><div class=\"wpb_wrapper\"><div class=\"w-image align_none\"><div class=\"w-image-h\"><img decoding=\"async\" width=\"300\" height=\"257\" src=\"https:\/\/i0.wp.com\/www.swissplusid.de\/wp-content\/uploads\/2016\/12\/DispCarton-300X300-1.png?fit=300%2C257&amp;ssl=1\" class=\"attachment-medium size-medium\" alt=\"\" loading=\"lazy\" data-attachment-id=\"5135\" data-permalink=\"https:\/\/www.swissplusid.de\/de\/dispcarton-300x300-2-2\/\" data-orig-file=\"https:\/\/i0.wp.com\/www.swissplusid.de\/wp-content\/uploads\/2016\/12\/DispCarton-300X300-1.png?fit=300%2C257&amp;ssl=1\" data-orig-size=\"300,257\" data-comments-opened=\"1\" data-image-meta=\"{&quot;aperture&quot;:&quot;0&quot;,&quot;credit&quot;:&quot;&quot;,&quot;camera&quot;:&quot;&quot;,&quot;caption&quot;:&quot;&quot;,&quot;created_timestamp&quot;:&quot;0&quot;,&quot;copyright&quot;:&quot;&quot;,&quot;focal_length&quot;:&quot;0&quot;,&quot;iso&quot;:&quot;0&quot;,&quot;shutter_speed&quot;:&quot;0&quot;,&quot;title&quot;:&quot;&quot;,&quot;orientation&quot;:&quot;0&quot;}\" data-image-title=\"DispCarton-300X300\" data-image-description=\"\" data-image-caption=\"\" data-medium-file=\"https:\/\/i0.wp.com\/www.swissplusid.de\/wp-content\/uploads\/2016\/12\/DispCarton-300X300-1.png?fit=300%2C257&amp;ssl=1\" data-large-file=\"https:\/\/i0.wp.com\/www.swissplusid.de\/wp-content\/uploads\/2016\/12\/DispCarton-300X300-1.png?fit=300%2C257&amp;ssl=1\" \/><\/div><\/div><\/div><\/div><\/div><div class=\"vc_col-sm-9 wpb_column vc_column_container\"><div class=\"vc_column-inner\"><div class=\"wpb_wrapper\"><div class=\"wpb_text_column\"><div class=\"wpb_wrapper\"><p>In jeder SwissPlus iD &#8222;Back Again&#8220; Dispenser Box ist alles was Sie ben\u00f6tigen. Unabh\u00e4ngig von der Mikrochipgr\u00f6\u00dfe (8mm oder 12mm).<\/p>\n<p>20 x sterile Beutelspritzen<br \/>\n30 x sterile Bulk Nadel \/ Canula Packungen PLUS 3 wiederverwendbare Spritzengriffe<\/p>\n<p>10 Spender Boxen passen in eine \u00e4u\u00dfere gro\u00dfe Versandbox<\/p>\n<\/div><\/div><\/div><\/div><\/div><\/div><\/div><\/div><\/div><\/div><\/div><\/div><\/div><\/div><\/div><\/div><\/section><section class=\"l-section wpb_row height_auto\"><div class=\"l-section-h i-cf\"><div class=\"g-cols vc_row via_flex valign_top type_default stacking_default\"><div class=\"vc_col-sm-12 wpb_column vc_column_container\"><div class=\"vc_column-inner\"><div class=\"wpb_wrapper\"><div class=\"wpb_text_column\"><div class=\"wpb_wrapper\"><h3 style=\"text-align: center;\">Haben Sie noch weitere Fragen? Bitte kontaktieren Sie uns:<\/h3>\n<\/div><\/div><\/div><\/div><\/div><\/div><\/div><\/section><section class=\"l-section wpb_row height_auto\"><div class=\"l-section-h i-cf\"><div class=\"g-cols vc_row via_flex valign_top type_default stacking_default\"><div class=\"vc_col-sm-6 wpb_column vc_column_container\"><div class=\"vc_column-inner\"><div class=\"wpb_wrapper\"><div class=\"w-iconbox iconpos_top style_default color_primary align_center\"><a title=\"Contact Us\" target=\" _blank\" rel=\"nofollow noopener\" href=\"http:\/\/www.swissplusid.com.au\/contact-us\/\" class=\"w-iconbox-link\" aria-label=\"Besuchen Sie unsere Kontaktseite\"><div class=\"w-iconbox-icon\" style=\"font-size:48px;\"><i class=\"far fa-comments\"><\/i><\/div><\/a><div class=\"w-iconbox-meta\"><h4 class=\"w-iconbox-title\"><a title=\"Contact Us\" target=\" _blank\" rel=\"nofollow noopener\" href=\"http:\/\/www.swissplusid.com.au\/contact-us\/\" class=\"w-iconbox-link\" aria-label=\"Besuchen Sie unsere Kontaktseite\">Besuchen Sie unsere Kontaktseite<\/a><\/h4><div class=\"w-iconbox-text\"><p>Benutzen Sie das Formular auf unserer Kontaktseite, um Ihre Frage zu stellen<\/p>\n<\/div><\/div><\/div><\/div><\/div><\/div><div class=\"vc_col-sm-6 wpb_column vc_column_container\"><div class=\"vc_column-inner\"><div class=\"wpb_wrapper\"><div class=\"w-iconbox iconpos_top style_default color_primary align_center\"><div class=\"w-iconbox-icon\" style=\"font-size:2rem;\"><i class=\"fas fa-bullhorn\"><\/i><\/div><div class=\"w-iconbox-meta\"><h4 class=\"w-iconbox-title\">Kontaktieren Sie Support<\/h4><div class=\"w-iconbox-text\"><p>Sie erreichen uns via:<br \/>\nE-Mail: help@Swissplusid.com.au<br \/>\nOder Telefonisch: +43 (664) 798 759<\/p>\n<\/div><\/div><\/div><\/div><\/div><\/div><\/div><\/div><\/section>","protected":false},"excerpt":{"rendered":"Ich bin kein Tierarzt oder ein autorisierter Implanter, kann ich Mikrochips kaufen?Sorry, nur Tier\u00e4rzte oder autorisierte Mikrochip-Implantate sind in der Lage, Mikrochips zu kaufen. Bitte fragen Sie Ihren \u00f6rtlichen Tierarzt oder autorisierten Implanter. Wer braucht Registrierung?Weitere Informationen finden Sie unter: Tasso e. V. Deutsche Haustierregister IFTA Deutschland Heimtierdatenbank \u00d6sterreich IFTA \u00d6sterreich Eine Registrierung Ihres Haustiers...","protected":false},"author":1,"featured_media":0,"parent":0,"menu_order":0,"comment_status":"closed","ping_status":"closed","template":"","meta":{"jetpack_post_was_ever_published":false,"footnotes":""},"class_list":["post-5748","page","type-page","status-publish","hentry"],"jetpack_sharing_enabled":true,"jetpack_shortlink":"https:\/\/wp.me\/P8JlxH-1uI","jetpack-related-posts":[],"_links":{"self":[{"href":"https:\/\/www.swissplusid.de\/de\/wp-json\/wp\/v2\/pages\/5748","targetHints":{"allow":["GET"]}}],"collection":[{"href":"https:\/\/www.swissplusid.de\/de\/wp-json\/wp\/v2\/pages"}],"about":[{"href":"https:\/\/www.swissplusid.de\/de\/wp-json\/wp\/v2\/types\/page"}],"author":[{"embeddable":true,"href":"https:\/\/www.swissplusid.de\/de\/wp-json\/wp\/v2\/users\/1"}],"replies":[{"embeddable":true,"href":"https:\/\/www.swissplusid.de\/de\/wp-json\/wp\/v2\/comments?post=5748"}],"version-history":[{"count":10,"href":"https:\/\/www.swissplusid.de\/de\/wp-json\/wp\/v2\/pages\/5748\/revisions"}],"predecessor-version":[{"id":5937,"href":"https:\/\/www.swissplusid.de\/de\/wp-json\/wp\/v2\/pages\/5748\/revisions\/5937"}],"wp:attachment":[{"href":"https:\/\/www.swissplusid.de\/de\/wp-json\/wp\/v2\/media?parent=5748"}],"curies":[{"name":"wp","href":"https:\/\/api.w.org\/{rel}","templated":true}]}}