{"id":5377,"date":"2017-01-14T17:51:34","date_gmt":"2017-01-14T07:51:34","guid":{"rendered":"http:\/\/www.swissplusid.com.au\/product\/12mm-bio-glass-syringe\/"},"modified":"2022-03-30T00:21:23","modified_gmt":"2022-03-30T00:21:23","slug":"12mm-bio-glass-syringe","status":"publish","type":"product","link":"https:\/\/www.swissplusid.de\/de\/product\/12mm-bio-glass-syringe\/","title":{"rendered":"12-mm-Bioglas-ISO-FDX-B-Mikrochip-Spritzenpackungen"},"content":{"rendered":"","protected":false},"excerpt":{"rendered":"<p><strong>Schweizer Qualit\u00e4t,<\/strong> ergonomischer Bio-Glas-Parylene-beschichteter Mikrochip.<br \/>\nProfessioneller ergonomischer Premium-Implantator\/Spritze<\/p>\n<p><strong>Premium-Implanterpaket<\/strong> 20 Premium-Implantierer.<br \/>\nNur f\u00fcr Tier\u00e4rzte und registrierte Implantierer verf\u00fcgbar.<br \/>\nUltrascharfe Kan\u00fcle in feingeschliffener Qualit\u00e4t f\u00fcr einfache Handhabung.<br \/>\nAbnehmbare (abschraubbare) Kan\u00fcle f\u00fcr weniger scharfen Abfall<\/p>\n<p><strong>W\u00e4hlen Sie hier Ihre Option:<\/strong><\/p>\n","protected":false},"featured_media":5865,"template":"","meta":{"jetpack_post_was_ever_published":false,"jetpack_publicize_message":"","jetpack_publicize_feature_enabled":true,"jetpack_social_post_already_shared":true,"jetpack_social_options":{"image_generator_settings":{"template":"highway","default_image_id":0,"font":"","enabled":false},"version":2}},"product_brand":[],"product_cat":[27,26],"product_tag":[18,20,21,22,23,24,25],"class_list":{"0":"post-5377","1":"product","2":"type-product","3":"status-publish","4":"has-post-thumbnail","6":"product_cat-5-equine-microchips","7":"product_cat-1-pet-microchips","8":"product_tag-equine-microchip","9":"product_tag-horse-microchip","10":"product_tag-microchip","11":"product_tag-microchips","12":"product_tag-pet-microchip","13":"product_tag-pet-rfid","14":"product_tag-rfid","15":"product_shipping_class-flat-rate","17":"first","18":"outofstock","19":"taxable","20":"shipping-taxable","21":"product-type-variable","22":"has-default-attributes"},"jetpack_publicize_connections":[],"jetpack_sharing_enabled":true,"jetpack-related-posts":[],"_links":{"self":[{"href":"https:\/\/www.swissplusid.de\/de\/wp-json\/wp\/v2\/product\/5377","targetHints":{"allow":["GET"]}}],"collection":[{"href":"https:\/\/www.swissplusid.de\/de\/wp-json\/wp\/v2\/product"}],"about":[{"href":"https:\/\/www.swissplusid.de\/de\/wp-json\/wp\/v2\/types\/product"}],"wp:featuredmedia":[{"embeddable":true,"href":"https:\/\/www.swissplusid.de\/de\/wp-json\/wp\/v2\/media\/5865"}],"wp:attachment":[{"href":"https:\/\/www.swissplusid.de\/de\/wp-json\/wp\/v2\/media?parent=5377"}],"wp:term":[{"taxonomy":"product_brand","embeddable":true,"href":"https:\/\/www.swissplusid.de\/de\/wp-json\/wp\/v2\/product_brand?post=5377"},{"taxonomy":"product_cat","embeddable":true,"href":"https:\/\/www.swissplusid.de\/de\/wp-json\/wp\/v2\/product_cat?post=5377"},{"taxonomy":"product_tag","embeddable":true,"href":"https:\/\/www.swissplusid.de\/de\/wp-json\/wp\/v2\/product_tag?post=5377"}],"curies":[{"name":"wp","href":"https:\/\/api.w.org\/{rel}","templated":true}]}}