{"id":5384,"date":"2017-01-14T18:19:12","date_gmt":"2017-01-14T08:19:12","guid":{"rendered":"http:\/\/www.swissplusid.com.au\/product\/12mm-bio-polymer-needle-pack\/"},"modified":"2022-03-30T01:03:12","modified_gmt":"2022-03-30T01:03:12","slug":"13mm-bio-polymer-needle-pack","status":"publish","type":"product","link":"https:\/\/www.swissplusid.de\/de\/product\/13mm-bio-polymer-needle-pack\/","title":{"rendered":"13-mm-Bio Polymer-ISO-FDX-B-Mikrochip-\u201eWeniger Abfall\u201c-Kan\u00fclenpackungen"},"content":{"rendered":"","protected":false},"excerpt":{"rendered":"<p><strong>Schweizer Qualit\u00e4t, ergonomischer<\/strong> Biokompatibles Polymer Mikrochip.<br \/>\nProfessioneller ergonomischer Premium-Implantator\/Spritze<\/p>\n<p><strong>Less Waste Pack<\/strong> 30 Kan\u00fclen plus 3 wiederverwendbare Implantierer.<br \/>\nNur f\u00fcr Tier\u00e4rzte und registrierte Implantierer verf\u00fcgbar.<br \/>\nUltrascharfe Kan\u00fcle in feingeschliffener Qualit\u00e4t f\u00fcr einfache Handhabung.<br \/>\nAbnehmbare (abschraubbare) Kan\u00fcle f\u00fcr weniger scharfen Abfall<\/p>\n<p><strong>W\u00e4hlen Sie hier Ihre Option:<\/strong><\/p>\n","protected":false},"featured_media":12640,"template":"","meta":{"jetpack_post_was_ever_published":false,"jetpack_publicize_message":"","jetpack_publicize_feature_enabled":true,"jetpack_social_post_already_shared":true,"jetpack_social_options":{"image_generator_settings":{"template":"highway","default_image_id":0,"font":"","enabled":false},"version":2}},"product_brand":[],"product_cat":[26,27,64],"product_tag":[18,20,21,22,23,24,25],"class_list":{"0":"post-5384","1":"product","2":"type-product","3":"status-publish","4":"has-post-thumbnail","6":"product_cat-1-pet-microchips","7":"product_cat-5-equine-microchips","8":"product_cat-less-waste-microchips","9":"product_tag-equine-microchip","10":"product_tag-horse-microchip","11":"product_tag-microchip","12":"product_tag-microchips","13":"product_tag-pet-microchip","14":"product_tag-pet-rfid","15":"product_tag-rfid","16":"product_shipping_class-flat-rate","18":"first","19":"outofstock","20":"taxable","21":"shipping-taxable","22":"product-type-variable","23":"has-default-attributes"},"jetpack_publicize_connections":[],"jetpack_sharing_enabled":true,"jetpack-related-posts":[],"_links":{"self":[{"href":"https:\/\/www.swissplusid.de\/de\/wp-json\/wp\/v2\/product\/5384","targetHints":{"allow":["GET"]}}],"collection":[{"href":"https:\/\/www.swissplusid.de\/de\/wp-json\/wp\/v2\/product"}],"about":[{"href":"https:\/\/www.swissplusid.de\/de\/wp-json\/wp\/v2\/types\/product"}],"wp:featuredmedia":[{"embeddable":true,"href":"https:\/\/www.swissplusid.de\/de\/wp-json\/wp\/v2\/media\/12640"}],"wp:attachment":[{"href":"https:\/\/www.swissplusid.de\/de\/wp-json\/wp\/v2\/media?parent=5384"}],"wp:term":[{"taxonomy":"product_brand","embeddable":true,"href":"https:\/\/www.swissplusid.de\/de\/wp-json\/wp\/v2\/product_brand?post=5384"},{"taxonomy":"product_cat","embeddable":true,"href":"https:\/\/www.swissplusid.de\/de\/wp-json\/wp\/v2\/product_cat?post=5384"},{"taxonomy":"product_tag","embeddable":true,"href":"https:\/\/www.swissplusid.de\/de\/wp-json\/wp\/v2\/product_tag?post=5384"}],"curies":[{"name":"wp","href":"https:\/\/api.w.org\/{rel}","templated":true}]}}