{"id":5390,"date":"2026-04-14T18:43:46","date_gmt":"2026-04-14T16:43:46","guid":{"rendered":"http:\/\/www.swissplusid.com.au\/product\/8mm-bio-glass-needle-packs\/"},"modified":"2026-04-17T08:59:43","modified_gmt":"2026-04-17T06:59:43","slug":"8mm-bio-glass-needle-packs","status":"publish","type":"product","link":"https:\/\/www.swissplusid.de\/de\/product\/8mm-bio-glass-needle-packs\/","title":{"rendered":"8-mm-Bioglas-ISO-FDX-B-Mikrochip-\u201eWeniger Abfall\u201c-Kan\u00fclenpackungen"},"content":{"rendered":"","protected":false},"excerpt":{"rendered":"<p><strong>Schweizer Qualit\u00e4t, ergonomischer<\/strong> Bio-Glas-Parylene-beschichteter Mikrochip.<br \/>\nProfessioneller ergonomischer Premium-Implantator\/Spritze<\/p>\n<p><strong>Less Waste Pack<\/strong> 30 Kan\u00fclen plus 3 wiederverwendbare Implantierer.<br \/>\nNur f\u00fcr Tier\u00e4rzte und registrierte Implantierer verf\u00fcgbar.<br \/>\nVerf\u00fcgbar mit National Database Registration inklusive<br \/>\nUltrascharfe Kan\u00fcle in feingeschliffener Qualit\u00e4t f\u00fcr einfache Handhabung.<br \/>\nAbnehmbare (abschraubbare) Kan\u00fcle f\u00fcr weniger scharfen Abfall<\/p>\n<p><strong>W\u00e4hlen Sie hier Ihre Option:<\/strong><\/p>\n","protected":false},"featured_media":12862,"template":"","meta":{"jetpack_post_was_ever_published":false,"jetpack_publicize_message":"","jetpack_publicize_feature_enabled":true,"jetpack_social_post_already_shared":true,"jetpack_social_options":{"image_generator_settings":{"template":"highway","default_image_id":0,"font":"","enabled":false},"version":2}},"product_brand":[65],"product_cat":[26,27,64],"product_tag":[18,20,21,22,23,24,25],"class_list":{"0":"post-5390","1":"product","2":"type-product","3":"status-publish","4":"has-post-thumbnail","6":"product_brand-swissplus-id","7":"product_cat-1-pet-microchips","8":"product_cat-5-equine-microchips","9":"product_cat-less-waste-microchips","10":"product_tag-equine-microchip","11":"product_tag-horse-microchip","12":"product_tag-microchip","13":"product_tag-microchips","14":"product_tag-pet-microchip","15":"product_tag-pet-rfid","16":"product_tag-rfid","17":"product_shipping_class-flat-rate","19":"first","20":"outofstock","21":"taxable","22":"shipping-taxable","23":"product-type-variable","24":"has-default-attributes"},"jetpack_publicize_connections":[],"jetpack_sharing_enabled":true,"jetpack-related-posts":[],"_links":{"self":[{"href":"https:\/\/www.swissplusid.de\/de\/wp-json\/wp\/v2\/product\/5390","targetHints":{"allow":["GET"]}}],"collection":[{"href":"https:\/\/www.swissplusid.de\/de\/wp-json\/wp\/v2\/product"}],"about":[{"href":"https:\/\/www.swissplusid.de\/de\/wp-json\/wp\/v2\/types\/product"}],"wp:featuredmedia":[{"embeddable":true,"href":"https:\/\/www.swissplusid.de\/de\/wp-json\/wp\/v2\/media\/12862"}],"wp:attachment":[{"href":"https:\/\/www.swissplusid.de\/de\/wp-json\/wp\/v2\/media?parent=5390"}],"wp:term":[{"taxonomy":"product_brand","embeddable":true,"href":"https:\/\/www.swissplusid.de\/de\/wp-json\/wp\/v2\/product_brand?post=5390"},{"taxonomy":"product_cat","embeddable":true,"href":"https:\/\/www.swissplusid.de\/de\/wp-json\/wp\/v2\/product_cat?post=5390"},{"taxonomy":"product_tag","embeddable":true,"href":"https:\/\/www.swissplusid.de\/de\/wp-json\/wp\/v2\/product_tag?post=5390"}],"curies":[{"name":"wp","href":"https:\/\/api.w.org\/{rel}","templated":true}]}}